{"id":558,"date":"2021-01-03T18:24:11","date_gmt":"2021-01-03T16:24:11","guid":{"rendered":"http:\/\/www.aholanmaito.fi\/testi\/?page_id=558"},"modified":"2021-01-03T18:24:12","modified_gmt":"2021-01-03T16:24:12","slug":"vuosi-2016","status":"publish","type":"page","link":"https:\/\/www.aholanmaito.fi\/testi\/vuosi-2016\/","title":{"rendered":"Vuosi 2016"},"content":{"rendered":"\n<p><strong>22.12.2016 Tavoitteita<\/strong><\/p>\n\n\n\n<figure class=\"wp-block-image\"><img decoding=\"async\" src=\"http:\/\/www.aholanmaito.fi\/kuvat\/ajankohtaista\/2016\/lelu1.jpg\" alt=\"\"\/><\/figure>\n\n\n\n<p>Loskakelin ajankuluksi voi tutkia vaikka lelyn mittareita. P\u00e4iv\u00e4maidossa viidentonnin tavoite j\u00e4\u00e4 t\u00e4lt\u00e4 vuodelta saavuttamatta, kun t\u00e4n\u00e4 aamuna poistettiin karjasta nelj\u00e4 lehm\u00e4\u00e4. Robottienkin pit\u00e4isi lopettaa turha s\u00e4hl\u00e4ys, ett\u00e4 tavotteeseen p\u00e4\u00e4st\u00e4isiin. Vuosituotannossa tavoite on 1,5milj. kiloa, ja siihenkin on matkaa viel\u00e4 turhan paljon. Kinttaat k\u00e4teen ja taas t\u00f6ihin.<\/p>\n\n\n\n<p><strong>10.11.2016 Kaivinkonety\u00f6t\u00e4<\/strong><\/p>\n\n\n\n<figure class=\"wp-block-image\"><img decoding=\"async\" src=\"http:\/\/www.aholanmaito.fi\/kuvat\/ajankohtaista\/2016\/kaivaa.jpg\" alt=\"\"\/><\/figure>\n\n\n\n<p>Viime vuosien kes\u00e4n s\u00e4\u00e4t ovat olleet haasteellisia ja vett\u00e4 on tullut taivaalta ajottain paljon. M\u00e4rkyys on haitannut pelloilla ja monin paikoin sato on j\u00e4\u00e4nyt heikoksi. Peruskuivatukseen ja peltojen muotoiluun on panostettava enemm\u00e4n.<br>Loka-marraskuussa kaivetiin urakalla piiriojia ja sarkaojia. Lis\u00e4ksi siirrettiin per\u00e4k\u00e4rryill\u00e4 maata muutama tuhat mottia lohkojen keskelle, ja muotoiltiin salaojalohkojen maanpintaa. Marraskuun pakkaset pys\u00e4yttivat nyt ty\u00f6t. Ensi vuonna jatketaan.<\/p>\n\n\n\n<p><strong>06.09.2016 Lietett\u00e4<\/strong><\/p>\n\n\n\n<figure class=\"wp-block-image\"><img decoding=\"async\" src=\"http:\/\/www.aholanmaito.fi\/kuvat\/ajankohtaista\/2016\/vredo.jpg\" alt=\"\"\/><\/figure>\n\n\n\n<p>Rehun korjuun j\u00e4lkeen saatiin lietes\u00e4ili\u00f6t tyhjiksi. Kohta alkaa olla kes\u00e4 paketissa.. Muutama paali, ja sitten pit\u00e4\u00e4 kaivinkoneen ja kynt\u00f6koneen teri\u00e4 v\u00e4h\u00e4n upottaa maahan.<\/p>\n\n\n\n<p><strong>01.09.2016 Rehunkorjuuta<\/strong><\/p>\n\n\n\n<figure class=\"wp-block-image\"><img decoding=\"async\" src=\"http:\/\/www.aholanmaito.fi\/kuvat\/ajankohtaista\/2016\/rehunteko.jpg\" alt=\"\"\/><\/figure>\n\n\n\n<p>Sateiden v\u00e4liss\u00e4 saatiin korjattua rehua. Osalla lohkoista oli jo kolmas sato, mutta suurimalla osalla lohkoista j\u00e4\u00e4tiin t\u00e4n\u00e4kes\u00e4n\u00e4 kahteen korjuukertaan. Sadon m\u00e4\u00e4r\u00e4 oli hyv\u00e4 ja my\u00f6h\u00e4isest\u00e4 korjuusta huolimatta D-arvo oli viel\u00e4 68 yl\u00e4puolella. Kev\u00e4\u00e4ll\u00e4 perustettuihin nurmiin j\u00e4i rumat sadekes\u00e4n muistot. Ensikev\u00e4\u00e4n\u00e4 on taas tiedossa paikkauskylv\u00f6j\u00e4.<\/p>\n\n\n\n<p><strong>17.08.2016 Vett\u00e4 satelee<\/strong><\/p>\n\n\n\n<figure class=\"wp-block-image\"><img decoding=\"async\" src=\"http:\/\/www.aholanmaito.fi\/kuvat\/ajankohtaista\/2016\/tulva.jpg\" alt=\"\"\/><\/figure>\n\n\n\n<p>Hein\u00e4kuun puolessa v\u00e4liss\u00e4 oli poutajakso ja silloin saatiin kuivahein\u00e4 korjattua ja s\u00e4il\u00f6rehua paalattua. Sitten sateet ovat jatkuneet ja vesi tulvinut pellolle. Toisinpaikoin heinikot tukehtuvat veden alle, ja l\u00e4pim\u00e4r\u00e4ss\u00e4 maassa apilan juuriston bakteerit hukkuvat. S\u00e4il\u00f6rehusato tulee olemaan tosi vaihteleva. Toivottavasti tulisi poutajakso.<\/p>\n\n\n\n<p>Navettta on t\u00e4ynn\u00e4, lehm\u00e4m\u00e4\u00e4r\u00e4 heiluu 150 paikkeilla. Robotiti ovat t\u00e4ysty\u00f6llistettyj\u00e4. Ajottain poikimisia on ruuhkaksi asti. Sadep\u00e4ivin\u00e4 ajan kuluksi laittettiin poikimaosaston kamera n\u00e4kym\u00e4\u00e4n kaikille julkisesti ja se l\u00f6ytyy &gt;<a href=\"http:\/\/www.aholanmaito.fi\/valvontaa.php\" target=\"_blank\" rel=\"noreferrer noopener\"><strong>valvontasivulta<\/strong><\/a>&lt;<\/p>\n\n\n\n<p><strong>07.07.2016 Sataa<\/strong><\/p>\n\n\n\n<figure class=\"wp-block-image\"><img decoding=\"async\" src=\"http:\/\/www.aholanmaito.fi\/kuvat\/ajankohtaista\/2016\/sade.jpg\" alt=\"\"\/><\/figure>\n\n\n\n<p>Sateen suhteen kohtuullisuus loppui. Nyt t\u00e4\u00e4ll\u00e4 Utaj\u00e4rvell\u00e4 on satanut riitt\u00e4v\u00e4sti, viikkoon ei ole tohtinut ulos menn\u00e4. Hein\u00e4poutien odottelu on mukavaa.<\/p>\n\n\n\n<p><strong>22.06.2016 Rehunkorjuuta<\/strong><\/p>\n\n\n\n<figure class=\"wp-block-image\"><img decoding=\"async\" src=\"http:\/\/www.aholanmaito.fi\/kuvat\/ajankohtaista\/2016\/niittaa.jpg\" alt=\"\"\/><\/figure>\n\n\n\n<p>Kuluva kes\u00e4 on ainakin alkanut paremmin mit\u00e4 2015 vuonna. Kylv\u00f6t saatiin tehty\u00e4 hyviss\u00e4 olosuhteissa ja l\u00e4mmint\u00e4kin on ollut kohtuullisesti. S\u00e4il\u00f6rehua korjattiin juhannusviikolla ja sato oli kohtuullinen. Paikoinkasvustot olivat erinomaisia, mutta talvituhojen vuoksi paikoin ei kasvanut mit\u00e4\u00e4. Kalustokin pelasi pitk\u00e4st\u00e4 aikaa moitteetta.<\/p>\n\n\n\n<p><strong>09.05.2016 Luomulaidunta<\/strong><\/p>\n\n\n\n<p>Haasteellisin vaatimus luomussa on laidunnusvelvoite. Kaikki yli kolmenkuukauden ik\u00e4iset el\u00e4imet pit\u00e4\u00e4 p\u00e4\u00e4st\u00e4\u00e4 laitumelle koko kes\u00e4ksi. Luomulaidunnus vaatiii ty\u00f6t\u00e4 toteutti sen miten tahansa.<\/p>\n\n\n\n<figure class=\"wp-block-image\"><img decoding=\"async\" src=\"http:\/\/www.aholanmaito.fi\/kuvat\/ajankohtaista\/2016\/kriminaali2.jpg\" alt=\"\"\/><\/figure>\n\n\n\n<p>Suuressa karjassa kes\u00e4 voi helposti kulua karanneiden el\u00e4inten mets\u00e4styksess\u00e4. Vasikat eiv\u00e4t pysy aivan tavallisessa s\u00e4hk\u00f6lankalaitumella. Hirvien ja muiden villiel\u00e4inten keskell\u00e4 laiduntaminen on joskus mielenkiintoista.<\/p>\n\n\n\n<figure class=\"wp-block-image\"><img decoding=\"async\" src=\"http:\/\/www.aholanmaito.fi\/kuvat\/ajankohtaista\/2016\/kriminaali.jpg\" alt=\"\"\/><\/figure>\n\n\n\n<p>Viime viikolla saatiin vasikoille toinen verkkoaitaus k\u00e4ytt\u00f6\u00f6n. Useaman hehtaarin mets\u00e4laitumella on el\u00e4imill\u00e4 tilaa telmi\u00e4 ja toivottavasti hirvet, sudet ja karhut pysyy aitauksen ulkopuolella.<\/p>\n\n\n\n<p><strong>27.04.2016<\/strong><\/p>\n\n\n\n<figure class=\"wp-block-image\"><img decoding=\"async\" src=\"http:\/\/www.aholanmaito.fi\/kuvat\/ajankohtaista\/2016\/tarkastus.jpg\" alt=\"\"\/><\/figure>\n\n\n\n<p>Joskus on viranomaisten toiminta nopeaa. Luomutarkastajan ilmoituksen perusteella Eviran tarkastaja ilmestyi varastoon ja tutki ep\u00e4selv\u00e4n siemener\u00e4n heti seuraavana p\u00e4iv\u00e4n\u00e4. Tuomio oli tiukka. Siemenen myyj\u00e4 hirtett\u00e4neen senaatintorilla 1.4.2017 julkisesti ja n\u00e4in saadaan huijarit kuriin. Siemenhuijaukset loppuu t\u00e4ll\u00e4 tavalla nopeasti. Tarkistuksessa j\u00e4i v\u00e4h\u00e4n ep\u00e4selv\u00e4ksi pit\u00e4\u00e4k\u00f6 t\u00e4m\u00e4 siemener\u00e4 polttaa ja tuhka haudata ydinj\u00e4tteiden loppusijoitus luolaan.<\/p>\n\n\n\n<p><strong>26.04.2016 Siemenkapan koukerot<\/strong><\/p>\n\n\n\n<figure class=\"wp-block-image\"><img decoding=\"async\" src=\"http:\/\/www.aholanmaito.fi\/kuvat\/ajankohtaista\/2016\/siemenet.jpg\" alt=\"\"\/><\/figure>\n\n\n\n<p>Kaupank\u00e4ynti voi joskus olla vaikeaa. Suomessakin on monenlaisia kauppiaita ja kaikilla ei ole homma oikein hanskassa. Viime talven tarjousten ja kaupank\u00e4ynnin perusteella tuli seimener\u00e4 jonka dokumentointi vaikutti heti puuteelliselta. S\u00e4keiss\u00e4 ei ollut mit\u00e4\u00e4n merkint\u00f6j\u00e4 mit\u00e4 se sis\u00e4lt\u00e4\u00e4. Luomutarkastuksessa t\u00e4llainen siemen aiheuttaa vaikeuksia ja v\u00e4\u00e4r\u00e4st\u00e4 siemenest\u00e4 aiheutuva mahdollinen luomumaidon markkinointikielto maksaa liki 200 000 euroa. Ei kiinnosta kokeilla kylv\u00e4\u00e4 t\u00e4t\u00e4 siement\u00e4.<\/p>\n\n\n\n<p>Tallainen siemen ei t\u00e4yt\u00e4 Suomen siemenkaupan lains\u00e4\u00e4d\u00e4nt\u00f6\u00e4 ja myyj\u00e4 saa hakea tavaransa pois. Pelis\u00e4\u00e4nn\u00f6t pit\u00e4\u00e4 kaikille kauppiaille olla samat ja tavarasta pit\u00e4\u00e4 olla kunnolliset vakuustodistukset. Uusi siemener\u00e4 on nyt tilattu vanhalta tutulta luotettavalta toimijalta. Toivottavasti siemenet ehtii kylv\u00f6ille..<\/p>\n\n\n\n<figure class=\"wp-block-image\"><img decoding=\"async\" src=\"http:\/\/www.aholanmaito.fi\/kuvat\/ajankohtaista\/2016\/sahveri.jpg\" alt=\"\"\/><\/figure>\n\n\n\n<p>Weideman p\u00e4\u00e4si el\u00e4kkeelle parempaan kotiin, ja tilalle tuli Sch\u00e4ffer 2028. Kuormaimella on nyt ajettu parikymment\u00e4 tuntia ja kone vastaa odouksia. S\u00e4fferiss\u00e4 on parempi ulottuvuus ja voimakkaampi kuormain. Ty\u00f6nt\u00f6voimassa mahtaa Sch\u00e4ffer h\u00e4vit\u00e4 Weidemanille. T\u00e4m\u00e4 johtuu Sch\u00e4fferin nopeammasta ajonopeudesta. Takuuajan j\u00e4lkeen pit\u00e4\u00e4 ruuvata lis\u00e4\u00e4 tehoa ja kierroksia.<\/p>\n\n\n\n<p><strong>21.03.2016 Hinta laskee<\/strong><\/p>\n\n\n\n<figure class=\"wp-block-image\"><img decoding=\"async\" src=\"http:\/\/www.aholanmaito.fi\/kuvat\/ajankohtaista\/2016\/lehmii.jpg\" alt=\"\"\/><\/figure>\n\n\n\n<p>T\u00e4n\u00e4\u00e4n tupsahti s\u00e4hk\u00f6postiin yll\u00e4tys. Luomumaidon hinta laskee 2,5snt litra ja t\u00e4m\u00e4 tekee vuodessa 30 000\u20ac loven tuloihin. Olisi kyll\u00e4 saanut j\u00e4\u00e4d\u00e4 t\u00e4m\u00e4 alennus tulematta. Pit\u00e4nee laittaa k\u00e4det nyrkkiin ja tehostaa toimintaa. Lohdutusta tilanteeseen tuo enn\u00e4tystahtiin tankkiin valuva maito. Kate vain tahtoo k\u00e4yd\u00e4 maidontuotannossa ohueksi.<\/p>\n\n\n\n<p><strong>07.02.2016<\/strong>&nbsp;Sulakkeita<\/p>\n\n\n\n<figure class=\"wp-block-image\"><img decoding=\"async\" src=\"http:\/\/www.aholanmaito.fi\/kuvat\/ajankohtaista\/2016\/100A.jpg\" alt=\"\"\/><\/figure>\n\n\n\n<p>Pakkaskauden aikana p\u00e4\u00e4sulakekoko k\u00e4vi pieneksi. Liittym\u00e4\u00e4 suurennettiin ja uusi p\u00e4\u00e4sulake koko on nyt 3 x 100A. Oulun seudun s\u00e4hk\u00f6 k\u00e4vi vaihtamassa uudet pylv\u00e4\u00e4t, uuden muuntajan ja uuden s\u00e4hk\u00f6kaapelin.Palvelu oli ripe\u00e4\u00e4,kun kaksiviikkoa tilauksesta uusi s\u00e4hk\u00f6linja oli k\u00e4yt\u00f6ss\u00e4. Muutoksen my\u00f6t\u00e4 my\u00f6s s\u00e4hk\u00f6n laatu parani.<\/p>\n\n\n\n<p><strong>06.01.2016 Pakkasta ja hiehoruuhka<\/strong><\/p>\n\n\n\n<figure class=\"wp-block-image\"><img decoding=\"async\" src=\"http:\/\/www.aholanmaito.fi\/kuvat\/ajankohtaista\/2016\/pakkanen.jpg\" alt=\"\"\/><\/figure>\n\n\n\n<p>Vuosi on alkanut odotetuilla ja toivotuilla pakkasilla. Lunta ei ole juuri ollenkaan. Toivottavasti maa j\u00e4\u00e4tyy kunnolla ja routa korjaa m\u00e4r\u00e4n kes\u00e4n aiheuttamia vaurioita pellolla. Alkaa olla kuitenkin ik\u00e4v\u00e4 vanhanajan kunnon talvia.<\/p>\n\n\n\n<figure class=\"wp-block-image\"><img decoding=\"async\" src=\"http:\/\/www.aholanmaito.fi\/kuvat\/ajankohtaista\/2016\/hieho.jpg\" alt=\"\"\/><\/figure>\n\n\n\n<p>Viimetalven poikimisruuhka n\u00e4kyy nyt hiehoruuhkana. Navetassa on l\u00e4hes viisikymment\u00e4 tiinett\u00e4 hiehoa ja l\u00e4hes saman verran nuorenpia hiehoja kasvamassa. Loppukev\u00e4\u00e4ll\u00e4 on robotit varmasti t\u00e4ysty\u00f6llistettyj\u00e4, ja vanhoja kantturoita riitt\u00e4\u00e4 viel\u00e4 poistettavaksin. Agalactiae-bakteerin saneerauksen vuoksi ei viel\u00e4 ole tarvinnut poistaa oletettua m\u00e4\u00e4r\u00e4\u00e4 el\u00e4imi\u00e4, vaikka kaikki analysoidut tartunnan saaneet on teuraaksi laitettu.<\/p>\n\n\n\n<p>Tulevalle rehuntuotannolle el\u00e4inm\u00e4\u00e4r\u00e4 asettaa haasteita. Ensi kes\u00e4n\u00e4 pit\u00e4\u00e4 rehuntuotanto saada kuntoon ja satotaso pit\u00e4isi olla kolmanneksen viimekes\u00e4\u00e4 parempi..<\/p>\n","protected":false},"excerpt":{"rendered":"<p>22.12.2016 Tavoitteita Loskakelin ajankuluksi voi tutkia vaikka lelyn mittareita. P\u00e4iv\u00e4maidossa viidentonnin tavoite j\u00e4\u00e4 t\u00e4lt\u00e4 vuodelta saavuttamatta, kun t\u00e4n\u00e4 aamuna poistettiin karjasta nelj\u00e4 lehm\u00e4\u00e4. Robottienkin pit\u00e4isi lopettaa turha s\u00e4hl\u00e4ys, ett\u00e4 tavotteeseen p\u00e4\u00e4st\u00e4isiin. Vuosituotannossa tavoite on 1,5milj. kiloa, ja siihenkin on matkaa &hellip; <a href=\"https:\/\/www.aholanmaito.fi\/testi\/vuosi-2016\/\">Lue loppuun <span class=\"meta-nav\">&rarr;<\/span><\/a><\/p>\n","protected":false},"author":1,"featured_media":0,"parent":0,"menu_order":0,"comment_status":"closed","ping_status":"closed","template":"","meta":{"footnotes":""},"class_list":["post-558","page","type-page","status-publish","hentry"],"_links":{"self":[{"href":"https:\/\/www.aholanmaito.fi\/testi\/wp-json\/wp\/v2\/pages\/558","targetHints":{"allow":["GET"]}}],"collection":[{"href":"https:\/\/www.aholanmaito.fi\/testi\/wp-json\/wp\/v2\/pages"}],"about":[{"href":"https:\/\/www.aholanmaito.fi\/testi\/wp-json\/wp\/v2\/types\/page"}],"author":[{"embeddable":true,"href":"https:\/\/www.aholanmaito.fi\/testi\/wp-json\/wp\/v2\/users\/1"}],"replies":[{"embeddable":true,"href":"https:\/\/www.aholanmaito.fi\/testi\/wp-json\/wp\/v2\/comments?post=558"}],"version-history":[{"count":1,"href":"https:\/\/www.aholanmaito.fi\/testi\/wp-json\/wp\/v2\/pages\/558\/revisions"}],"predecessor-version":[{"id":559,"href":"https:\/\/www.aholanmaito.fi\/testi\/wp-json\/wp\/v2\/pages\/558\/revisions\/559"}],"wp:attachment":[{"href":"https:\/\/www.aholanmaito.fi\/testi\/wp-json\/wp\/v2\/media?parent=558"}],"curies":[{"name":"wp","href":"https:\/\/api.w.org\/{rel}","templated":true}]}}