{"id":560,"date":"2021-01-03T18:25:03","date_gmt":"2021-01-03T16:25:03","guid":{"rendered":"http:\/\/www.aholanmaito.fi\/testi\/?page_id=560"},"modified":"2021-01-03T18:25:03","modified_gmt":"2021-01-03T16:25:03","slug":"vuosi-2015","status":"publish","type":"page","link":"https:\/\/www.aholanmaito.fi\/testi\/vuosi-2015\/","title":{"rendered":"Vuosi 2015"},"content":{"rendered":"\n<p><strong>18.12.2015 Ilmanvaihtoa<\/strong><\/p>\n\n\n\n<figure class=\"wp-block-image\"><img decoding=\"async\" src=\"http:\/\/www.aholanmaito.fi\/kuvat\/ajankohtaista\/2015\/putkia.jpg\" alt=\"\"\/><\/figure>\n\n\n\n<p>Joulun kunniaksi parannettiin vanhan navetan vasikkaosaston ilmanvaihtoa. Kattoon asennettiin ilmanvaihtoputkisto, johon puhallettiin ulkoa raikasta ilmaa. Pakkasilla ilma l\u00e4mmitet\u00e4\u00e4n.<\/p>\n\n\n\n<figure class=\"wp-block-image\"><img decoding=\"async\" src=\"http:\/\/www.aholanmaito.fi\/kuvat\/ajankohtaista\/2015\/putkia2.jpg\" alt=\"\"\/><\/figure>\n\n\n\n<p>Jokaisessa vasikkakarsinassa on s\u00e4\u00e4dett\u00e4v\u00e4 ilmaventtiili. Ilmanvaihtoremontin tavoitteena on v\u00e4hent\u00e4\u00e4 vasikoiden sairauksia. Jos vasikka kerrankin sairastuu, heikkenee sen tuotantoennuste lehm\u00e4n\u00e4.<\/p>\n\n\n\n<p><strong>10.12.2015&nbsp;<\/strong>Remonttia<\/p>\n\n\n\n<figure class=\"wp-block-image\"><img decoding=\"async\" src=\"http:\/\/www.aholanmaito.fi\/kuvat\/ajankohtaista\/2015\/feeding.jpg\" alt=\"\"\/><\/figure>\n\n\n\n<p>Vaihteeksi tehtiin uuteen navettaan remonttia. Lehmien kurkun alle ruokintap\u00f6yd\u00e4n reunaan ruuvattiin vaneria ja sahattiin se muotoon. Ruokintap\u00f6yd\u00e4n tilavuus kasvoi ja rehun hukkaaminen lehmien jalkoihin v\u00e4heni huomatavasti. Lis\u00e4ksi lehm\u00e4t saavat entist\u00e4 paremman ruokailurauhan.<\/p>\n\n\n\n<figure class=\"wp-block-image\"><img decoding=\"async\" src=\"http:\/\/www.aholanmaito.fi\/kuvat\/ajankohtaista\/2015\/talli.jpg\" alt=\"\"\/><\/figure>\n\n\n\n<p>Samalla tehtiin ruokintap\u00f6yd\u00e4n puhdistajalle talli navetan p\u00e4\u00e4ss\u00e4 olevaan katokseen. Viime talvena kovimmilla pakkasilla Westermannin k\u00e4yntiinl\u00e4ht\u00f6 takkusi ja kerran joudutiin k\u00e4sihommiin. Nyt puskuty\u00f6t saa aloittaa l\u00e4mpim\u00e4st\u00e4 tallista niin kuin kes\u00e4ll\u00e4.<\/p>\n\n\n\n<figure class=\"wp-block-image\"><img decoding=\"async\" src=\"http:\/\/www.aholanmaito.fi\/kuvat\/ajankohtaista\/2015\/noukkii.jpg\" alt=\"\"\/><\/figure>\n\n\n\n<p>Kes\u00e4n rehusato j\u00e4i normaalia heikommaksi ja rehupulaa on paikattu ostorehulla. Nuorkarjalle on ostettu l\u00e4hes tuhat py\u00f6r\u00f6paalua ja yksi auma. Luomus\u00e4il\u00f6rehua on niukasti markkinoilla myyt\u00e4v\u00e4n\u00e4, mutta kuienkin ostotarve alkaa olla t\u00e4ynn\u00e4. Onneksi oma s\u00e4il\u00f6rehu on hyv\u00e4laatuista ja se riitt\u00e4\u00e4 lypsykarjalle. Ensi kes\u00e4n\u00e4 pit\u00e4isi saada ker\u00e4tty\u00e4 omilta pelloilta kolmanneksen enemm\u00e4n s\u00e4il\u00f6rehua.<\/p>\n\n\n\n<p><strong>06.11.2015<\/strong><\/p>\n\n\n\n<figure class=\"wp-block-image\"><img decoding=\"async\" src=\"http:\/\/www.aholanmaito.fi\/kuvat\/ajankohtaista\/2015\/liejuhaka.jpg\" alt=\"\"\/><\/figure>\n\n\n\n<p>Peltoty\u00f6t on saatu p\u00e4\u00e4t\u00f6kseen ja syksy muuttui taas m\u00e4r\u00e4ksi ja loskaiseksi. Ulkona laiduntavat hiehot painuvat yh\u00e4 syvemm\u00e4lle kuravelliin. Jos kuravellilaiduntamista pit\u00e4isi jatkaa pitemp\u00e4\u00e4n, osa el\u00e4imist\u00e4 voisi painua n\u00e4kym\u00e4tt\u00f6miin.<\/p>\n\n\n\n<figure class=\"wp-block-image\"><img decoding=\"async\" src=\"http:\/\/www.aholanmaito.fi\/kuvat\/ajankohtaista\/2015\/parsia.jpg\" alt=\"\"\/><\/figure>\n\n\n\n<p>Parsipeti tuli viimein ja vanhan navetan parsiremontti saatiin valmiiksi. Parikymment\u00e4 hiehoa p\u00e4\u00e4stettiin heti sotkemaan uudet parret.<\/p>\n\n\n\n<p><strong>29.10.2015 Kynt\u00f6\u00e4<\/strong><\/p>\n\n\n\n<figure class=\"wp-block-image\"><img decoding=\"async\" src=\"http:\/\/www.aholanmaito.fi\/kuvat\/ajankohtaista\/2015\/plow.jpg\" alt=\"\"\/><\/figure>\n\n\n\n<p>Massikka tuli ja Case l\u00e4hti parempaan kotiin. Syksyn s\u00e4\u00e4 on suosinut peltojen kunnostusta ja viimeiset kynn\u00f6t saatiin tehty\u00e4 pikkupakkasessa auringon paistaessa. Nyt pit\u00e4isi tulla pakkastalvi ett\u00e4 routa korjaisi kes\u00e4n m\u00e4rkyydess\u00e4 tiivistyneet pellot. Haasteelinen kes\u00e4 on takana ja toivottavasti ensikes\u00e4 on helpompi.<\/p>\n\n\n\n<p><strong>02.10.2015 Remonttia<\/strong><\/p>\n\n\n\n<figure class=\"wp-block-image\"><img decoding=\"async\" src=\"http:\/\/www.aholanmaito.fi\/kuvat\/ajankohtaista\/2015\/SamPoraa.jpg\" alt=\"\"\/><\/figure>\n\n\n\n<p>Vaihteeksi aloitettiin taas remonttihommat. Vanhaan navettaan vaihdetaan lehmien parsikalusteita hiehoille sopivammaksi. Nuorso sotkee liikaa makuuparsia ja itse\u00e4\u00e4n liian suurissa lehmien parsissa. Samuel poraa betoniin uusien kalusteiden asennusreiki\u00e4.<\/p>\n\n\n\n<p><strong>12.09.2015 Viljaa<\/strong><\/p>\n\n\n\n<figure class=\"wp-block-image\"><img decoding=\"async\" src=\"http:\/\/www.aholanmaito.fi\/kuvat\/ajankohtaista\/2015\/viljaksa.jpg\" alt=\"\"\/><\/figure>\n\n\n\n<p>Sorsan tilan viljat kotiutettiin Veneheitosta Naamankyl\u00e4lle, ja niist\u00e4 tuli ladon oven eteen pikku kasa.<\/p>\n\n\n\n<figure class=\"wp-block-image\"><img decoding=\"async\" src=\"http:\/\/www.aholanmaito.fi\/kuvat\/ajankohtaista\/2015\/makkaraa.jpg\" alt=\"\"\/><\/figure>\n\n\n\n<p>Lauantaina Tapani k\u00e4vi survomassa ohrat merikonttiin ja kahteen makkaraan. Jospa n\u00e4ill\u00e4 v\u00e4h\u00e4n aikaa lehm\u00e4t el\u00e4\u00e4 ja lyps\u00e4\u00e4.<\/p>\n\n\n\n<p><strong>05.09.2015 Puinti hommiin<\/strong><\/p>\n\n\n\n<figure class=\"wp-block-image\"><img decoding=\"async\" src=\"http:\/\/www.aholanmaito.fi\/kuvat\/ajankohtaista\/2015\/viljaa.jpg\" alt=\"\"\/><\/figure>\n\n\n\n<p>Ensi viikolla pit\u00e4si s\u00e4il\u00f6\u00e4 murskeviljaa. Veneheitosta l\u00f6ytyi 30 ha luomuohraa, josta saatiin tehty\u00e4 kauppasopimus. Ohra pit\u00e4isi s\u00e4il\u00f6\u00e4 merikonttiin ja tuubiin. Sato on arviolta noin 100 000 kg<\/p>\n\n\n\n<p><strong>01.09.2015 Paskaa peltoon<\/strong><\/p>\n\n\n\n<figure class=\"wp-block-image\"><img decoding=\"async\" src=\"http:\/\/www.aholanmaito.fi\/kuvat\/ajankohtaista\/2015\/vredo.jpg\" alt=\"\"\/><\/figure>\n\n\n\n<p>Kuiva syksy jatkuu ja kelit paranee. Kosken Kone Oy p\u00e4\u00e4si levitt\u00e4m\u00e4\u00e4n lietett\u00e4 s\u00e4il\u00f6rehu nurmien s\u00e4ngelle hyviss\u00e4 olosuhteissa . 2700 kuutiota paskaa upposi maahan nopeasti. Tosiasiassa suurinosa taisi olla sadevett\u00e4.<\/p>\n\n\n\n<figure class=\"wp-block-image\"><img decoding=\"async\" src=\"http:\/\/www.aholanmaito.fi\/kuvat\/ajankohtaista\/2015\/upposi.jpg\" alt=\"\"\/><\/figure>\n\n\n\n<p>Uudelle vuokrapeltolohkolle kunnostettu tie petti lietekuorma-auton alla. Tielle piti ajaa muutama kuorma mursketta, ennenkuin ty\u00f6 jatkui. Sadekes\u00e4n j\u00e4ljilt\u00e4 tien runko on m\u00e4rk\u00e4 ja savi hyllyy.<\/p>\n\n\n\n<p><strong>26.08.2015 Poutaa<\/strong><\/p>\n\n\n\n<figure class=\"wp-block-image\"><img decoding=\"async\" src=\"http:\/\/www.aholanmaito.fi\/kuvat\/ajankohtaista\/2015\/pelto.jpg\" alt=\"\"\/><\/figure>\n\n\n\n<p>Lopulta kes\u00e4 muutti mallia ja jatkuva sade loppui. Pouta tuli tosi tarpeeseen. Poutajakson lopussa toinen s\u00e4il\u00f6rehusato tehtiin loistavissa olosuhteissa. Sato oli vain huono, varsikin yksivuotiset nurmet olivat hukkuneet tulvien alle. Osa tulevan talven nurmirehuista joudutaan ostamaan.<\/p>\n\n\n\n<p>Syksylle on tiedossa lis\u00e4t\u00f6it\u00e4. Sadekes\u00e4n j\u00e4lkeen lietes\u00e4ili\u00f6iss\u00e4 on taas noin 2000m3 paskaa.<\/p>\n\n\n\n<p><strong>30.6.2015 M\u00e4rk\u00e4 kes\u00e4<\/strong><\/p>\n\n\n\n<figure class=\"wp-block-image\"><img decoding=\"async\" src=\"http:\/\/www.aholanmaito.fi\/kuvat\/ajankohtaista\/2015\/oraalla.jpg\" alt=\"\"\/><\/figure>\n\n\n\n<p>Kostea kev\u00e4t vaihtui m\u00e4r\u00e4ksi kes\u00e4ksi. Kev\u00e4\u00e4n kylv\u00f6t ovat kauniin keltaisia. Kuitenkin n\u00e4ytt\u00e4\u00e4 silt\u00e4 ett\u00e4 viljelykasvi on v\u00e4\u00e4r\u00e4. Riisi olisi t\u00e4le kes\u00e4lle hyv\u00e4 viljelykasvi.<\/p>\n\n\n\n<figure class=\"wp-block-image\"><img decoding=\"async\" src=\"http:\/\/www.aholanmaito.fi\/kuvat\/ajankohtaista\/2015\/liejuu.jpg\" alt=\"\"\/><\/figure>\n\n\n\n<p>Juhannuksen j\u00e4lkeen tulvavesi on noussut pellolle ja se tekee s\u00e4il\u00f6rehun korjuun monin paikoin mahdottomaksi. Salaojalpellon kuivimmalla laidalla ajettiin yhden kerran noukinvaunulla ja j\u00e4lki oli t\u00e4m\u00e4. Hein\u00e4 &#8221;kasvaa&#8221; nyt liejun p\u00e4\u00e4ll\u00e4.<\/p>\n\n\n\n<figure class=\"wp-block-image\"><img decoding=\"async\" src=\"http:\/\/www.aholanmaito.fi\/kuvat\/ajankohtaista\/2015\/mf-7618.jpg\" alt=\"\"\/><\/figure>\n\n\n\n<p>Tulevan syksyn sateisiin pit\u00e4\u00e4 alkaa varautua. Ranskasta pit\u00e4isi tulla t\u00f6ihin t\u00e4llainen pikku verku. Case p\u00e4\u00e4see el\u00e4kkeelle tai hyv\u00e4\u00e4n hoitoon parempaan kotiin.<\/p>\n\n\n\n<p><strong>22.06.2015 Silta<\/strong><\/p>\n\n\n\n<figure class=\"wp-block-image\"><img decoding=\"async\" src=\"http:\/\/www.aholanmaito.fi\/kuvat\/ajankohtaista\/2015\/vanhasilta.jpg\" alt=\"\"\/><\/figure>\n\n\n\n<p>Mattilan pellon vanha silta joutaa el\u00e4kkeelle. Toinen vaihtoehto on r\u00e4j\u00e4yt\u00e4\u00e4 se taivaan tuuliin. Vai pit\u00e4si\u00f6 t\u00e4m\u00e4 tie entis\u00f6id\u00e4 museotieksi?<\/p>\n\n\n\n<figure class=\"wp-block-image\"><img decoding=\"async\" src=\"http:\/\/www.aholanmaito.fi\/kuvat\/ajankohtaista\/2015\/siltavalmis.jpg\" alt=\"\"\/><\/figure>\n\n\n\n<p>Uusi silta otettiin k\u00e4ytt\u00f6\u00f6n juhlallisin menoin maanantai-iltana. Taivas aukeni ja vett\u00e4 tuli kuin saavista kaataen. Presidentti Paasikivi piti juhlapuheen ja kastui litim\u00e4r\u00e4ksi. Ainut huono puoli juhlallisessa veden tulossa on rehunteon viiv\u00e4styminen entisest\u00e4\u00e4n.<\/p>\n\n\n\n<p><strong>20.06.2015&nbsp;<\/strong>Agalactie<\/p>\n\n\n\n<p>Kes\u00e4 on alkanut kosteana. Raiviopellolla parin hehtaarin kylv\u00f6 odottelee parempia kelej\u00e4. Osa kylvetyist\u00e4 pelloista on hukkunut veteen. Juhannuspyhien j\u00e4lkeen pit\u00e4isi alkaa s\u00e4il\u00f6rehun korjuuseen, mutta vesisateet taitaa haitata touhua. T\u00e4ss\u00e4vaiheessa ei n\u00e4yt\u00e4 hyv\u00e4lt\u00e4.<\/p>\n\n\n\n<figure class=\"wp-block-image\"><img decoding=\"async\" src=\"http:\/\/www.aholanmaito.fi\/kuvat\/ajankohtaista\/2015\/agalactie.jpg\" alt=\"\"\/><\/figure>\n\n\n\n<p>Jostakin ostohiehosta tuli navettaan Agalactie bakteeri. T\u00e4m\u00e4 taitaa olla pahiten tarttuva utaretulehdusbakteeri, mik\u00e4 meid\u00e4n navetassa on ollut. Juhannuksen alla aloitettiin Agalactie saneeraus ja kaikista lehmist\u00e4 otettiin maiton\u00e4ytteet laboratorion tutkittavaksi. Positiivista on ett\u00e4 viel\u00e4 bakteeri ei ole pahasti levinnyt karjassa. Yht\u00e4\u00e4n uutta tapausta ei vie\u00e4 l\u00f6ytynyt. Maiton\u00e4ytteit\u00e4 otetaan viel\u00e4 koko karjasta ainakin kerran ja yksitt\u00e4in tehostetusti parin vuoden ajan. L\u00f6yd\u00f6n j\u00e4lkeen taitaa toimenpiteet olla aika rajut.<\/p>\n\n\n\n<figure class=\"wp-block-image\"><img decoding=\"async\" src=\"http:\/\/www.aholanmaito.fi\/kuvat\/ajankohtaista\/2015\/teurastus.jpg\" alt=\"\"\/><\/figure>\n\n\n\n<p>Torstaina Iikka-Erakko katkaisi kiimassa jalkansa. Kun lehmien paranemisennuste n\u00e4iss\u00e4 tapauksissa on huono, lehm\u00e4 paloiteltiin heti pakastimeen. Nyt on lihaa grilliin muutamaksi kuukaudeksi.<\/p>\n\n\n\n<p><strong>23.05.2015 Tyhj\u00e4<\/strong><\/p>\n\n\n\n<figure class=\"wp-block-image\"><img decoding=\"async\" src=\"http:\/\/www.aholanmaito.fi\/kuvat\/ajankohtaista\/2015\/liete2.jpg\" alt=\"\"\/><\/figure>\n\n\n\n<p>Yli 5 300 000 litraa lietett\u00e4 levisi pellolle kun Kosken Koneen pojat k\u00e4viv\u00e4t tyhjent\u00e4m\u00e4ss\u00e4 lietakaivot. Levitys pinta-alaa l\u00f6ytyi reipas sata hehtaaria.<\/p>\n\n\n\n<p><strong>6.5.2015 Vankikarkurit<\/strong><\/p>\n\n\n\n<figure class=\"wp-block-image\"><img decoding=\"async\" src=\"http:\/\/www.aholanmaito.fi\/kuvat\/ajankohtaista\/2015\/karkurit.jpg\" alt=\"\"\/><\/figure>\n\n\n\n<p>Eilen laitettiin hieholauma kriminaaliosaston laitumelle.(panssariverkkoaitalaidun) ja y\u00f6ll\u00e4 kahdeksan karkasi. Routa oli nostanut nurkkatolppaa sen verran ett\u00e4 t\u00f6rm\u00e4ys aitaverkkoonn nosti tolpan maasta ja aidan alle tuli lehm\u00e4n ment\u00e4v\u00e4 v\u00e4li. Lauma l\u00f6ytyi kymmenen kilometrin p\u00e4\u00e4st\u00e4 Otermanj\u00e4rven rannalta. Yhden karkureista kahdenkymmenen kilometrin juoksulenkki v\u00e4sytti niin pahasti, ett\u00e4 se piti hakea kotiin k\u00e4rrykyydill\u00e4.<\/p>\n\n\n\n<p><strong>3.5.2015 T\u00e4ynn\u00e4 on<\/strong><\/p>\n\n\n\n<figure class=\"wp-block-image\"><img decoding=\"async\" src=\"http:\/\/www.aholanmaito.fi\/kuvat\/ajankohtaista\/2015\/liete.jpg\" alt=\"\"\/><\/figure>\n\n\n\n<p>Lietes\u00e4ili\u00f6t ovat kaikki t\u00e4ynn\u00e4. Jos muutaman viikon sis\u00e4ll\u00e4 ei p\u00e4\u00e4se pellolle, tulee navetassa ongelmia. Pit\u00e4isik\u00f6 AVI:lta anoa purkuputken rakennuslupa Naamanj\u00e4rveen?<\/p>\n\n\n\n<p><strong>24.04.2015 Pellolle<\/strong><\/p>\n\n\n\n<figure class=\"wp-block-image\"><img decoding=\"async\" src=\"http:\/\/www.aholanmaito.fi\/kuvat\/ajankohtaista\/2015\/silta.jpg\" alt=\"\"\/><\/figure>\n\n\n\n<p>Kes\u00e4 tulee ja kohta pit\u00e4\u00e4 aloittaa peltohommat. Kev\u00e4\u00e4n aikana on tehty pari uutta vuokrasopimusta ja toiselle sopimuslohkolle ei ole viel\u00e4 oikein kunnon tiet\u00e4. Siltaty\u00e4maa kuitenkin etenee ja toiveissa on t\u00e4st\u00e4 viel\u00e4 joskus p\u00e4\u00e4st\u00e4 isommillakin koneilla yli. Kannen valu odottaa kuitenkin kelirikon p\u00e4\u00e4ttymist\u00e4.<\/p>\n\n\n\n<figure class=\"wp-block-image\"><img decoding=\"async\" src=\"http:\/\/www.aholanmaito.fi\/kuvat\/ajankohtaista\/2015\/siltasy.jpg\" alt=\"\"\/><\/figure>\n\n\n\n<p>Sillan rakentaminen aloitettiin viimesyksyn\u00e4. Syyskuun lopussa valettiin kummallekkin rannalle silta-arkut.Talvella arkkujen p\u00e4\u00e4lle nostettiin kaksi roro-alustaa. Kantavuutta yhdell\u00e4 alustalla on noin 40tn<\/p>\n\n\n\n<p><strong>28.03.2015<\/strong>&nbsp;Mega-Visette<\/p>\n\n\n\n<figure class=\"wp-block-image\"><img decoding=\"async\" src=\"http:\/\/www.aholanmaito.fi\/kuvat\/ajankohtaista\/2015\/megavisette.jpg\" alt=\"\"\/><\/figure>\n\n\n\n<p>Ensi kes\u00e4n\u00e4 pit\u00e4\u00e4 korjata s\u00e4il\u00f6rehua t\u00e4ll\u00e4 vaunulla. Vanha Europrofi p\u00e4\u00e4see parempaan kotiin, ja sen tilalle tulee Strautmanin pienin Mega-Visette Oulun Valtran pihalta. Toivottavasti luomuheinikot edes jotain kasvaa, ett\u00e4 t\u00e4m\u00e4 her\u00e4teostos ei ihan turha ole.<\/p>\n\n\n\n<p><strong>23.03.2015<\/strong>&nbsp;Kuvaa<\/p>\n\n\n\n<figure class=\"wp-block-image\"><img decoding=\"async\" src=\"http:\/\/www.aholanmaito.fi\/kuvat\/ajankohtaista\/2015\/valvonta.jpg\" alt=\"\"\/><\/figure>\n\n\n\n<p>Ajankuluksi alettiin testailemaan valvontakameroita ja nyt poikimaosaston kamera n\u00e4kyy vapaasti netiss\u00e4. Kamera l\u00f6ytyy osoitteesta &#8221;http:\/\/navetta.aholanmaito.fi&#8221;. Olisi mukava saada kommentia miten pelaa. Ohjeita l\u00f6ytyy&nbsp;<a href=\"http:\/\/www.aholanmaito.fi\/valvontaa.php\">&gt;valvontasivulta<\/a><\/p>\n\n\n\n<p><strong>17.02.2015<\/strong><\/p>\n\n\n\n<figure class=\"wp-block-image\"><img decoding=\"async\" src=\"http:\/\/www.aholanmaito.fi\/kuvat\/ajankohtaista\/2015\/skiing.jpg\" alt=\"\"\/><\/figure>\n\n\n\n<p>Pakkas\u00f6iden ja l\u00e4mpimien p\u00e4ivien ansiosta nyt on mahtavat hiihtokelit. Lunta on viel\u00e4 riitt\u00e4v\u00e4sti ja hanki kest\u00e4\u00e4 jokapaikassa. Ty\u00f6t vain haittaavat harrastuksia liikaa.<\/p>\n\n\n\n<figure class=\"wp-block-image\"><img decoding=\"async\" src=\"http:\/\/www.aholanmaito.fi\/kuvat\/ajankohtaista\/2015\/pushup.jpg\" alt=\"\"\/><\/figure>\n\n\n\n<p>Y\u00f6mari sai Push-up liivit. Vaikean mallinen palloutare tekee robotille vaikeuksia, mutta t\u00e4ll\u00e4 utare saatiin parempaan muotoon ja korkeammalle. Jospa t\u00e4m\u00e4 kausi viel\u00e4 hoituisi kunnialla. Robottihistoriaa kun miettii, niin v\u00e4h\u00e4n on ollut n\u00e4it\u00e4 ongelmautareita.<\/p>\n\n\n\n<figure class=\"wp-block-image\"><img decoding=\"async\" src=\"http:\/\/www.aholanmaito.fi\/kuvat\/ajankohtaista\/2015\/lieterali.jpg\" alt=\"\"\/><\/figure>\n\n\n\n<p>Navetan yhteydess\u00e4 olevat lietes\u00e4ili\u00f6t tulivat t\u00e4yteen ja urakoitsija k\u00e4vi ajamassa lietett\u00e4 V\u00e4rkkisuon et\u00e4s\u00e4ili\u00f6\u00f6n. Kuorma-auto kuljetus on traktoriin verrattuna huomattavasti tehokkaampi ja halvempi. P\u00e4iv\u00e4ss\u00e4 tuli et\u00e4s\u00e4ili\u00f6 t\u00e4yteen. T\u00e4h\u00e4n taisi loppua haaveet omasta siirtokalustosta.<\/p>\n\n\n\n<p><strong>19.02.2015 Uutta romua<\/strong><\/p>\n\n\n\n<figure class=\"wp-block-image\"><img decoding=\"async\" src=\"http:\/\/www.aholanmaito.fi\/kuvat\/ajankohtaista\/2015\/bike.jpg\" alt=\"bike\"\/><\/figure>\n\n\n\n<p>Navetassa askareet ovat nykyisin fyysisesti niin keveit\u00e4 ja liikunnan kannalta yksipuolisia, ett\u00e4 pit\u00e4\u00e4 alkaa keksim\u00e4\u00e4n liikuntaharrastuksia lis\u00e4\u00e4. Syksyn Kanarian lomalta j\u00e4i py\u00f6r\u00e4ilyk\u00e4rp\u00e4nen p\u00e4\u00e4lle ja py\u00f6r\u00e4kaupassa tuli nyt kilpamaastopy\u00f6r\u00e4 her\u00e4teostos.<a href=\"http:\/\/www.trekbikes.com\/fi\/fi\/bikes\/mountain\/cross_country\/superfly_fs\/superfly_fs_7\/\" target=\"_blank\" rel=\"noreferrer noopener\">&nbsp;&gt;Treck Superfly FS7<\/a><\/p>\n\n\n\n<figure class=\"wp-block-image\"><img decoding=\"async\" src=\"http:\/\/www.aholanmaito.fi\/kuvat\/ajankohtaista\/2015\/hoitoon.jpg\" alt=\"cow\"\/><\/figure>\n\n\n\n<p>Vaikka uusi lypsykarjanavetta on kohta ollut vuoden k\u00e4yt\u00f6ss\u00e4, riitt\u00e4\u00e4 siell\u00e4 viel\u00e4kin rakennus ja asennust\u00f6it\u00e4. Viime viikolla saatiin pakkoohjausk\u00e4yt\u00e4v\u00e4 robotilta hoitoparteen toimintaan. Lehm\u00e4n toimenpiteeseen siirt\u00e4minen helpottui huomattavsti. Mansikin on pakko menn\u00e4 hoitoparteen, kun em\u00e4nt\u00e4 on sit\u00e4 mielt\u00e4.<\/p>\n\n\n\n<p><strong>12.01.2015 Maitokiinti\u00f6n ostoa<\/strong><\/p>\n\n\n\n<figure class=\"wp-block-image\"><img decoding=\"async\" src=\"http:\/\/www.aholanmaito.fi\/kuvat\/ajankohtaista\/2015\/istuu.jpg\" alt=\"\"\/><\/figure>\n\n\n\n<p>H\u00f6lm\u00f6\u00e4 hommaa. Reilun kahden kuukauden p\u00e4\u00e4st\u00e4 80-luvulla luotu maitokiinti\u00f6j\u00e4rjestelm\u00e4 p\u00e4\u00e4ttyy ja viel\u00e4 pit\u00e4\u00e4 ostaa kiinti\u00f6t\u00e4 lis\u00e4\u00e4. Viime viikolla k\u00e4vimme Posiolla tekem\u00e4ss\u00e4 kaksi sopimusta ja viel\u00e4 pit\u00e4isi tehd\u00e4 ainakin yksi kauppa. Kolmen kuukauden p\u00e4\u00e4st\u00e4 n\u00e4m\u00e4 kaupapaperit ovat aivan turhia. N\u00e4m\u00e4 maitokiinti\u00f6kaupat ovat jonkinlaista tulonsiirtoa aktiiviviljeluj\u00f6ilt\u00e4 luopujille. Toki el\u00e4m\u00e4nty\u00f6ns\u00e4 madontuotannoan kanssa tehneet ovat kiinti\u00f6rahansa ansainneet. Mutta t\u00e4m\u00e4 j\u00e4rjestelm\u00e4 on h\u00f6lm\u00f6.<\/p>\n","protected":false},"excerpt":{"rendered":"<p>18.12.2015 Ilmanvaihtoa Joulun kunniaksi parannettiin vanhan navetan vasikkaosaston ilmanvaihtoa. Kattoon asennettiin ilmanvaihtoputkisto, johon puhallettiin ulkoa raikasta ilmaa. Pakkasilla ilma l\u00e4mmitet\u00e4\u00e4n. Jokaisessa vasikkakarsinassa on s\u00e4\u00e4dett\u00e4v\u00e4 ilmaventtiili. Ilmanvaihtoremontin tavoitteena on v\u00e4hent\u00e4\u00e4 vasikoiden sairauksia. Jos vasikka kerrankin sairastuu, heikkenee sen tuotantoennuste lehm\u00e4n\u00e4. 10.12.2015&nbsp;Remonttia &hellip; <a href=\"https:\/\/www.aholanmaito.fi\/testi\/vuosi-2015\/\">Lue loppuun <span class=\"meta-nav\">&rarr;<\/span><\/a><\/p>\n","protected":false},"author":1,"featured_media":0,"parent":0,"menu_order":0,"comment_status":"closed","ping_status":"closed","template":"","meta":{"footnotes":""},"class_list":["post-560","page","type-page","status-publish","hentry"],"_links":{"self":[{"href":"https:\/\/www.aholanmaito.fi\/testi\/wp-json\/wp\/v2\/pages\/560","targetHints":{"allow":["GET"]}}],"collection":[{"href":"https:\/\/www.aholanmaito.fi\/testi\/wp-json\/wp\/v2\/pages"}],"about":[{"href":"https:\/\/www.aholanmaito.fi\/testi\/wp-json\/wp\/v2\/types\/page"}],"author":[{"embeddable":true,"href":"https:\/\/www.aholanmaito.fi\/testi\/wp-json\/wp\/v2\/users\/1"}],"replies":[{"embeddable":true,"href":"https:\/\/www.aholanmaito.fi\/testi\/wp-json\/wp\/v2\/comments?post=560"}],"version-history":[{"count":1,"href":"https:\/\/www.aholanmaito.fi\/testi\/wp-json\/wp\/v2\/pages\/560\/revisions"}],"predecessor-version":[{"id":561,"href":"https:\/\/www.aholanmaito.fi\/testi\/wp-json\/wp\/v2\/pages\/560\/revisions\/561"}],"wp:attachment":[{"href":"https:\/\/www.aholanmaito.fi\/testi\/wp-json\/wp\/v2\/media?parent=560"}],"curies":[{"name":"wp","href":"https:\/\/api.w.org\/{rel}","templated":true}]}}